{"id":2325,"date":"2023-10-11T14:13:09","date_gmt":"2023-10-11T14:13:09","guid":{"rendered":"https:\/\/modernafashion.be\/bruidskleding\/politique-de-protection-de-la-vie-privee\/"},"modified":"2024-01-22T12:28:02","modified_gmt":"2024-01-22T12:28:02","slug":"politique-de-protection-de-la-vie-privee","status":"publish","type":"page","link":"https:\/\/modernafashion.be\/bruidskleding\/fr\/politique-de-protection-de-la-vie-privee\/","title":{"rendered":"Politique de protection de la vie priv\u00e9e"},"content":{"rendered":"\n<h1>\n\t\tPolitique de protection de la vie priv\u00e9e\n\t<\/h1>\nCe site web est la propri\u00e9t\u00e9 de :\n<b>Moderna<\/b>\nNinoofsesteenweg 988, 1703 Schepdaal\n+32 2 569 20 93\n<br \/>\nEn acc\u00e9dant \u00e0 ce site web et en l&#8217;utilisant, vous marquez explicitement votre accord avec les conditions g\u00e9n\u00e9rales suivantes.\n<h2>Droits de propri\u00e9t\u00e9 intellectuelle<\/h2>\n<p>Le contenu de ce site, en ce compris les marques, logos, dessins, donn\u00e9es, noms d&#8217;entreprises ou d\u00e9nominations de produits, textes, images, etc. est prot\u00e9g\u00e9 par des droits de propri\u00e9t\u00e9 intellectuelle appartenant \u00e0 Moderna ou \u00e0 des tiers titulaires de ces droits.<\/p>\n<h2>Limite de responsabilit\u00e9<\/h2>\n<p>Les informations contenues sur ce site web sont de nature g\u00e9n\u00e9rale. Ces informations ne sont pas adapt\u00e9es \u00e0 des circonstances personnelles ou sp\u00e9cifiques et ne peuvent donc \u00eatre consid\u00e9r\u00e9es comme un conseil personnel, professionnel ou juridique \u00e0 l&#8217;utilisateur.<\/p>\n<p>Moderna consent de gros efforts pour que les informations mises \u00e0 disposition soient compl\u00e8tes, correctes, exhaustives et \u00e0 jour. Malgr\u00e9 ces efforts, des erreurs peuvent figurer dans les informations mises \u00e0 disposition. Si les informations diffus\u00e9es sur le site comportent des erreurs ou si certaines informations sont indisponibles sur ou via le site, Moderna mettra tout en \u0153uvre pour rectifier la situation dans les plus brefs d\u00e9lais.<\/p>\n<p>Moderna ne peut toutefois pas \u00eatre tenu responsable de dommages directs ou indirects r\u00e9sultant de l&#8217;utilisation des informations mises \u00e0 disposition sur le site.<\/p>\n<p>Si vous veniez \u00e0 constater des erreurs dans les informations mises \u00e0 disposition sur le site, vous pouvez contacter le gestionnaire du site.<\/p>\n<p>Le contenu du site (y compris les liens) peut \u00eatre adapt\u00e9, modifi\u00e9 ou compl\u00e9t\u00e9 \u00e0 tout moment sans avertissement ni notification aucune.<\/p>\n<p>Moderna ne garantit nullement le bon fonctionnement du site web et ne peut en aucune mani\u00e8re \u00eatre tenu responsable d&#8217;un dysfonctionnement du site, d&#8217;une (non-)disponibilit\u00e9 provisoire du site ou de toute forme de dommages, directs ou indirects, pouvant r\u00e9sulter de l&#8217;acc\u00e8s au site et de son utilisation. En aucun cas, Moderna ne pourra \u00eatre tenu pour responsable envers quiconque, d&#8217;une mani\u00e8re directe, indirecte, sp\u00e9ciale ou autre, des dommages qui pourraient r\u00e9sulter de l&#8217;utilisation de ce site ou d&#8217;un autre, en raison notamment des connexions ou des liens hypertextes, incluant, sans limitation, toute perte, interruption du travail, d\u00e9t\u00e9rioration de programmes ou de donn\u00e9es sur le syst\u00e8me informatique, le mat\u00e9riel, les logiciels, etc. de l&#8217;utilisateur.<\/p>\n<p>Le site web peut contenir des liens hypertextes vers des sites ou pages web de tiers ou y faire r\u00e9f\u00e9rence de mani\u00e8re indirecte. La pr\u00e9sence de liens vers ces sites ou pages web ne signifie nullement une approbation implicite du contenu de ces sites ou pages. Moderna d\u00e9clare explicitement qu&#8217;il n&#8217;a aucune autorit\u00e9 sur le contenu ou sur les autres caract\u00e9ristiques de ces sites ou pages web et ne peut en aucun cas \u00eatre tenu responsable du contenu ou des caract\u00e9ristiques desdits sites ou pages web, ni de dommages pouvant r\u00e9sulter de leur utilisation.<\/p>\n<h2>Droit applicable et tribunaux comp\u00e9tents<\/h2>\n<p>Ce site est r\u00e9gi par le droit belge. Seuls les tribunaux de l&#8217;arrondissement o\u00f9 est \u00e9tabli le si\u00e8ge de Moderna sont comp\u00e9tents en cas de litige.<\/p>\n<h2>Politique de protection de la vie priv\u00e9e<\/h2>\n<p>Moderna accorde une grande importance \u00e0 votre vie priv\u00e9e et traite les donn\u00e9es \u00e0 caract\u00e8re personnel conform\u00e9ment \u00e0 la pr\u00e9sente d\u00e9claration de confidentialit\u00e9.<\/p>\n<p>Bien que la plupart des informations pr\u00e9sent\u00e9es sur ce site puissent \u00eatre consult\u00e9es sans avoir \u00e0 communiquer des donn\u00e9es \u00e0 caract\u00e8re personnel, il est possible que des informations \u00e0 caract\u00e8re personnel soient demand\u00e9es \u00e0 l&#8217;utilisateur. Ces informations ne seront utilis\u00e9es que pour vous tenir inform\u00e9 de nos activit\u00e9s.<\/p>\n<p>Pour toutes vos demandes d&#8217;information, vos questions ou vos remarques relatives \u00e0 notre politique de protection de la vie priv\u00e9e, vous pouvez vous adresser \u00e0 <a>info@modernafashion.be<\/a> ou consulter notre politique de protection de la vie priv\u00e9e.<\/p>\n<h2>Utilisation de \u00ab cookies \u00bb<\/h2>\n<p><strong>Qu&#8217;est-ce qu&#8217;un cookie ?<\/strong><\/p>\n<p>Un cookie, aussi commun\u00e9ment appel\u00e9 cookie HTTP, cookie web ou cookie de navigateur, est g\u00e9n\u00e9ralement un petit fichier texte envoy\u00e9 par un site web et stock\u00e9 dans le navigateur web ou sur l&#8217;appareil de l&#8217;utilisateur, selon que ce dernier est en train de naviguer sur un site ou d&#8217;utiliser une application mobile. Quand, ult\u00e9rieurement, l&#8217;utilisateur naviguera sur le m\u00eame site web, les donn\u00e9es qui auront \u00e9t\u00e9 stock\u00e9es dans le cookie pourront \u00eatre recueillies par le site web afin d&#8217;informer ce dernier de l&#8217;activit\u00e9 pr\u00e9c\u00e9dente de l&#8217;utilisateur. Les cookies ont \u00e9t\u00e9 con\u00e7us comme un m\u00e9canisme fiable pour les sites web afin de m\u00e9moriser l&#8217;\u00e9tat du site web ou l&#8217;activit\u00e9 que l&#8217;utilisateur a effectu\u00e9e dans le pass\u00e9. Ils nous aident \u00e0 optimiser votre visite sur le site web, \u00e0 m\u00e9moriser les choix techniques op\u00e9r\u00e9s (par exemple le choix de la langue, un bulletin d&#8217;information, etc.) et \u00e0 montrer des offres et des services plus pertinents. Si vous souhaitez consulter ou utiliser le site web, nous vous conseillons d&#8217;activer les cookies. Cependant, si vous pr\u00e9f\u00e9rez ne pas le faire, vous \u00eates toujours libre de ne pas les activer. Votre navigateur vous permet de bloquer l&#8217;utilisation de cookies, de recevoir un message d&#8217;avertissement lorsqu&#8217;un cookie est install\u00e9, ou de supprimer ult\u00e9rieurement les cookies de votre disque dur. Consultez la fonction d&#8217;aide de votre navigateur internet pour en savoir plus \u00e0 ce sujet.<\/p>\n<p><strong>Quels types de cookies utilisons-nous et \u00e0 quoi servent-ils ?<\/strong><\/p>\n<p>Les \u00ab first party cookies \u00bb sont des cookies techniques utilis\u00e9s par le site visit\u00e9 et dont le but est d&#8217;assurer le fonctionnement optimal du site. Par exemple : des r\u00e9glages que l&#8217;utilisateur a effectu\u00e9s lors des visites pr\u00e9c\u00e9dentes sur le site, ou encore un formulaire pr\u00e9rempli avec les donn\u00e9es que l&#8217;utilisateur a compl\u00e9t\u00e9es lors de visites pr\u00e9c\u00e9dentes. Les \u00ab third party cookies \u00bb sont des cookies qui ne proviennent pas du site lui-m\u00eame, mais de tiers, par exemple un plug-in marketing ou publicitaire de Facebook ou Google Analytics. L&#8217;utilisateur du site doit donner son accord pour que des cookies de ce type soient install\u00e9s. Ceci peut se faire via une barre d&#8217;outils, en bas ou en haut du site, renvoyant \u00e0 la pr\u00e9sente politique, mais n&#8217;emp\u00eachant n\u00e9anmoins pas de continuer \u00e0 naviguer sur le site.<\/p>\n<p><strong>Google analytics<\/strong><\/p>\n<p>Ce site utilise Google Analytics, un service d&#8217;analyse web propos\u00e9 par Google Inc. (\u00ab Google \u00bb). Google Analytics utilise des \u00ab cookies \u00bb (fichiers texte plac\u00e9s sur votre ordinateur) pour aider le site \u00e0 analyser comment les utilisateurs utilisent le site. Les informations g\u00e9n\u00e9r\u00e9es par le cookie concernant votre utilisation du site (y compris votre adresse IP) sont transf\u00e9r\u00e9es et stock\u00e9es par Google sur des serveurs aux \u00c9tats-Unis. Google utilise ces informations pour suivre votre utilisation du site web, pour compiler des rapports sur l&#8217;activit\u00e9 du site web pour les op\u00e9rateurs de sites web et pour fournir d&#8217;autres services li\u00e9s \u00e0 l&#8217;activit\u00e9 du site web et \u00e0 l&#8217;utilisation d&#8217;internet. Google peut fournir ces informations \u00e0 des tiers si la loi l&#8217;y contraint, ou dans la mesure o\u00f9 ces tiers traitent les informations au nom de Google. Google ne combine pas votre adresse IP avec d&#8217;autres informations dont il dispose. Vous pouvez refuser l&#8217;utilisation de cookies en choisissant les param\u00e8tres appropri\u00e9s dans votre navigateur. Nous tenons cependant \u00e0 pr\u00e9ciser que, dans ce cas, vous ne pourrez peut-\u00eatre pas utiliser toutes les fonctionnalit\u00e9s de ce site. En utilisant ce site, vous consentez au traitement des informations par Google de la mani\u00e8re et aux fins d\u00e9crites ci-dessus.<\/p>\n<p><strong>Utilisation de ce site web<\/strong><\/p>\n<p>Ce site utilise des cookies. Vous trouverez plus d&#8217;informations \u00e0 ce sujet dans nos conditions g\u00e9n\u00e9rales, notre politique de protection de la vie priv\u00e9e ou les autres documents mis \u00e0 votre disposition par Moderna. En utilisant notre site web, vous acceptez notre utilisation de cookies.<\/p>\n\n<h2>Gestionnaire de ce site web<\/h2>\nLe site web de Moderna est publi\u00e9 et g\u00e9r\u00e9 par Digi-Motions (<a href=\"https:\/\/www.digi-motions.be\">www.digi-motions.be<\/a>)<br \/>\ne-mail: <a>info@digi-motions.be<\/a>.\n\n","protected":false},"excerpt":{"rendered":"<p>Politique de protection de la vie priv\u00e9e Ce site web est la propri\u00e9t\u00e9 de : Moderna Ninoofsesteenweg 988, 1703 Schepdaal +32 2 569 20 93 En acc\u00e9dant \u00e0 ce site web et en l&#8217;utilisant, vous marquez explicitement votre accord avec les conditions g\u00e9n\u00e9rales suivantes. Droits de propri\u00e9t\u00e9 intellectuelle Le contenu de ce site, en ce [&hellip;]<\/p>\n","protected":false},"author":1,"featured_media":0,"parent":0,"menu_order":0,"comment_status":"closed","ping_status":"closed","template":"","meta":{"site-sidebar-layout":"no-sidebar","site-content-layout":"page-builder","ast-site-content-layout":"default","site-content-style":"default","site-sidebar-style":"default","ast-global-header-display":"","ast-banner-title-visibility":"","ast-main-header-display":"","ast-hfb-above-header-display":"","ast-hfb-below-header-display":"","ast-hfb-mobile-header-display":"","site-post-title":"disabled","ast-breadcrumbs-content":"","ast-featured-img":"disabled","footer-sml-layout":"","theme-transparent-header-meta":"","adv-header-id-meta":"","stick-header-meta":"","header-above-stick-meta":"","header-main-stick-meta":"","header-below-stick-meta":"","astra-migrate-meta-layouts":"default","ast-page-background-enabled":"default","ast-page-background-meta":{"desktop":{"background-color":"","background-image":"","background-repeat":"repeat","background-position":"center center","background-size":"auto","background-attachment":"scroll","background-type":"","background-media":"","overlay-type":"","overlay-color":"","overlay-opacity":"","overlay-gradient":""},"tablet":{"background-color":"","background-image":"","background-repeat":"repeat","background-position":"center center","background-size":"auto","background-attachment":"scroll","background-type":"","background-media":"","overlay-type":"","overlay-color":"","overlay-opacity":"","overlay-gradient":""},"mobile":{"background-color":"","background-image":"","background-repeat":"repeat","background-position":"center center","background-size":"auto","background-attachment":"scroll","background-type":"","background-media":"","overlay-type":"","overlay-color":"","overlay-opacity":"","overlay-gradient":""}},"ast-content-background-meta":{"desktop":{"background-color":"var(--ast-global-color-5)","background-image":"","background-repeat":"repeat","background-position":"center center","background-size":"auto","background-attachment":"scroll","background-type":"","background-media":"","overlay-type":"","overlay-color":"","overlay-opacity":"","overlay-gradient":""},"tablet":{"background-color":"var(--ast-global-color-5)","background-image":"","background-repeat":"repeat","background-position":"center center","background-size":"auto","background-attachment":"scroll","background-type":"","background-media":"","overlay-type":"","overlay-color":"","overlay-opacity":"","overlay-gradient":""},"mobile":{"background-color":"var(--ast-global-color-5)","background-image":"","background-repeat":"repeat","background-position":"center center","background-size":"auto","background-attachment":"scroll","background-type":"","background-media":"","overlay-type":"","overlay-color":"","overlay-opacity":"","overlay-gradient":""}},"footnotes":""},"class_list":["post-2325","page","type-page","status-publish","hentry"],"yoast_head":"<!-- This site is optimized with the Yoast SEO plugin v25.8 - https:\/\/yoast.com\/wordpress\/plugins\/seo\/ -->\n<title>politique de confidentialit\u00e9 | Moderna te Schepdaal<\/title>\n<meta name=\"robots\" content=\"index, follow, max-snippet:-1, max-image-preview:large, max-video-preview:-1\" \/>\n<link rel=\"canonical\" href=\"https:\/\/modernafashion.be\/bruidskleding\/fr\/politique-de-protection-de-la-vie-privee\/\" \/>\n<meta property=\"og:locale\" content=\"fr_FR\" \/>\n<meta property=\"og:type\" content=\"article\" \/>\n<meta property=\"og:title\" content=\"politique de confidentialit\u00e9 | Moderna te Schepdaal\" \/>\n<meta property=\"og:description\" content=\"Politique de protection de la vie priv\u00e9e Ce site web est la propri\u00e9t\u00e9 de : Moderna Ninoofsesteenweg 988, 1703 Schepdaal +32 2 569 20 93 En acc\u00e9dant \u00e0 ce site web et en l&#8217;utilisant, vous marquez explicitement votre accord avec les conditions g\u00e9n\u00e9rales suivantes. Droits de propri\u00e9t\u00e9 intellectuelle Le contenu de ce site, en ce [&hellip;]\" \/>\n<meta property=\"og:url\" content=\"https:\/\/modernafashion.be\/bruidskleding\/fr\/politique-de-protection-de-la-vie-privee\/\" \/>\n<meta property=\"og:site_name\" content=\"Moderna Bruid\" \/>\n<meta property=\"article:modified_time\" content=\"2024-01-22T12:28:02+00:00\" \/>\n<meta name=\"twitter:card\" content=\"summary_large_image\" \/>\n<meta name=\"twitter:label1\" content=\"Dur\u00e9e de lecture estim\u00e9e\" \/>\n\t<meta name=\"twitter:data1\" content=\"7 minutes\" \/>\n<script type=\"application\/ld+json\" class=\"yoast-schema-graph\">{\"@context\":\"https:\/\/schema.org\",\"@graph\":[{\"@type\":\"WebPage\",\"@id\":\"https:\/\/modernafashion.be\/bruidskleding\/fr\/politique-de-protection-de-la-vie-privee\/\",\"url\":\"https:\/\/modernafashion.be\/bruidskleding\/fr\/politique-de-protection-de-la-vie-privee\/\",\"name\":\"politique de confidentialit\u00e9 | Moderna te Schepdaal\",\"isPartOf\":{\"@id\":\"https:\/\/modernafashion.be\/bruidskleding\/fr\/#website\"},\"datePublished\":\"2023-10-11T14:13:09+00:00\",\"dateModified\":\"2024-01-22T12:28:02+00:00\",\"breadcrumb\":{\"@id\":\"https:\/\/modernafashion.be\/bruidskleding\/fr\/politique-de-protection-de-la-vie-privee\/#breadcrumb\"},\"inLanguage\":\"fr-FR\",\"potentialAction\":[{\"@type\":\"ReadAction\",\"target\":[\"https:\/\/modernafashion.be\/bruidskleding\/fr\/politique-de-protection-de-la-vie-privee\/\"]}]},{\"@type\":\"BreadcrumbList\",\"@id\":\"https:\/\/modernafashion.be\/bruidskleding\/fr\/politique-de-protection-de-la-vie-privee\/#breadcrumb\",\"itemListElement\":[{\"@type\":\"ListItem\",\"position\":1,\"name\":\"Home\",\"item\":\"https:\/\/modernafashion.be\/bruidskleding\/fr\/\"},{\"@type\":\"ListItem\",\"position\":2,\"name\":\"Politique de protection de la vie priv\u00e9e\"}]},{\"@type\":\"WebSite\",\"@id\":\"https:\/\/modernafashion.be\/bruidskleding\/fr\/#website\",\"url\":\"https:\/\/modernafashion.be\/bruidskleding\/fr\/\",\"name\":\"Moderna Bruid\",\"description\":\"\",\"publisher\":{\"@id\":\"https:\/\/modernafashion.be\/bruidskleding\/fr\/#organization\"},\"potentialAction\":[{\"@type\":\"SearchAction\",\"target\":{\"@type\":\"EntryPoint\",\"urlTemplate\":\"https:\/\/modernafashion.be\/bruidskleding\/fr\/?s={search_term_string}\"},\"query-input\":{\"@type\":\"PropertyValueSpecification\",\"valueRequired\":true,\"valueName\":\"search_term_string\"}}],\"inLanguage\":\"fr-FR\"},{\"@type\":\"Organization\",\"@id\":\"https:\/\/modernafashion.be\/bruidskleding\/fr\/#organization\",\"name\":\"Moderna Bruid\",\"url\":\"https:\/\/modernafashion.be\/bruidskleding\/fr\/\",\"logo\":{\"@type\":\"ImageObject\",\"inLanguage\":\"fr-FR\",\"@id\":\"https:\/\/modernafashion.be\/bruidskleding\/fr\/#\/schema\/logo\/image\/\",\"url\":\"https:\/\/modernafashion.be\/bruidskleding\/wp-content\/uploads\/sites\/2\/2023\/09\/logo-Moderna.png\",\"contentUrl\":\"https:\/\/modernafashion.be\/bruidskleding\/wp-content\/uploads\/sites\/2\/2023\/09\/logo-Moderna.png\",\"width\":915,\"height\":137,\"caption\":\"Moderna Bruid\"},\"image\":{\"@id\":\"https:\/\/modernafashion.be\/bruidskleding\/fr\/#\/schema\/logo\/image\/\"}}]}<\/script>\n<!-- \/ Yoast SEO plugin. -->","yoast_head_json":{"title":"politique de confidentialit\u00e9 | Moderna te Schepdaal","robots":{"index":"index","follow":"follow","max-snippet":"max-snippet:-1","max-image-preview":"max-image-preview:large","max-video-preview":"max-video-preview:-1"},"canonical":"https:\/\/modernafashion.be\/bruidskleding\/fr\/politique-de-protection-de-la-vie-privee\/","og_locale":"fr_FR","og_type":"article","og_title":"politique de confidentialit\u00e9 | Moderna te Schepdaal","og_description":"Politique de protection de la vie priv\u00e9e Ce site web est la propri\u00e9t\u00e9 de : Moderna Ninoofsesteenweg 988, 1703 Schepdaal +32 2 569 20 93 En acc\u00e9dant \u00e0 ce site web et en l&#8217;utilisant, vous marquez explicitement votre accord avec les conditions g\u00e9n\u00e9rales suivantes. Droits de propri\u00e9t\u00e9 intellectuelle Le contenu de ce site, en ce [&hellip;]","og_url":"https:\/\/modernafashion.be\/bruidskleding\/fr\/politique-de-protection-de-la-vie-privee\/","og_site_name":"Moderna Bruid","article_modified_time":"2024-01-22T12:28:02+00:00","twitter_card":"summary_large_image","twitter_misc":{"Dur\u00e9e de lecture estim\u00e9e":"7 minutes"},"schema":{"@context":"https:\/\/schema.org","@graph":[{"@type":"WebPage","@id":"https:\/\/modernafashion.be\/bruidskleding\/fr\/politique-de-protection-de-la-vie-privee\/","url":"https:\/\/modernafashion.be\/bruidskleding\/fr\/politique-de-protection-de-la-vie-privee\/","name":"politique de confidentialit\u00e9 | Moderna te Schepdaal","isPartOf":{"@id":"https:\/\/modernafashion.be\/bruidskleding\/fr\/#website"},"datePublished":"2023-10-11T14:13:09+00:00","dateModified":"2024-01-22T12:28:02+00:00","breadcrumb":{"@id":"https:\/\/modernafashion.be\/bruidskleding\/fr\/politique-de-protection-de-la-vie-privee\/#breadcrumb"},"inLanguage":"fr-FR","potentialAction":[{"@type":"ReadAction","target":["https:\/\/modernafashion.be\/bruidskleding\/fr\/politique-de-protection-de-la-vie-privee\/"]}]},{"@type":"BreadcrumbList","@id":"https:\/\/modernafashion.be\/bruidskleding\/fr\/politique-de-protection-de-la-vie-privee\/#breadcrumb","itemListElement":[{"@type":"ListItem","position":1,"name":"Home","item":"https:\/\/modernafashion.be\/bruidskleding\/fr\/"},{"@type":"ListItem","position":2,"name":"Politique de protection de la vie priv\u00e9e"}]},{"@type":"WebSite","@id":"https:\/\/modernafashion.be\/bruidskleding\/fr\/#website","url":"https:\/\/modernafashion.be\/bruidskleding\/fr\/","name":"Moderna Bruid","description":"","publisher":{"@id":"https:\/\/modernafashion.be\/bruidskleding\/fr\/#organization"},"potentialAction":[{"@type":"SearchAction","target":{"@type":"EntryPoint","urlTemplate":"https:\/\/modernafashion.be\/bruidskleding\/fr\/?s={search_term_string}"},"query-input":{"@type":"PropertyValueSpecification","valueRequired":true,"valueName":"search_term_string"}}],"inLanguage":"fr-FR"},{"@type":"Organization","@id":"https:\/\/modernafashion.be\/bruidskleding\/fr\/#organization","name":"Moderna Bruid","url":"https:\/\/modernafashion.be\/bruidskleding\/fr\/","logo":{"@type":"ImageObject","inLanguage":"fr-FR","@id":"https:\/\/modernafashion.be\/bruidskleding\/fr\/#\/schema\/logo\/image\/","url":"https:\/\/modernafashion.be\/bruidskleding\/wp-content\/uploads\/sites\/2\/2023\/09\/logo-Moderna.png","contentUrl":"https:\/\/modernafashion.be\/bruidskleding\/wp-content\/uploads\/sites\/2\/2023\/09\/logo-Moderna.png","width":915,"height":137,"caption":"Moderna Bruid"},"image":{"@id":"https:\/\/modernafashion.be\/bruidskleding\/fr\/#\/schema\/logo\/image\/"}}]}},"_links":{"self":[{"href":"https:\/\/modernafashion.be\/bruidskleding\/fr\/wp-json\/wp\/v2\/pages\/2325","targetHints":{"allow":["GET"]}}],"collection":[{"href":"https:\/\/modernafashion.be\/bruidskleding\/fr\/wp-json\/wp\/v2\/pages"}],"about":[{"href":"https:\/\/modernafashion.be\/bruidskleding\/fr\/wp-json\/wp\/v2\/types\/page"}],"author":[{"embeddable":true,"href":"https:\/\/modernafashion.be\/bruidskleding\/fr\/wp-json\/wp\/v2\/users\/1"}],"replies":[{"embeddable":true,"href":"https:\/\/modernafashion.be\/bruidskleding\/fr\/wp-json\/wp\/v2\/comments?post=2325"}],"version-history":[{"count":1,"href":"https:\/\/modernafashion.be\/bruidskleding\/fr\/wp-json\/wp\/v2\/pages\/2325\/revisions"}],"predecessor-version":[{"id":2326,"href":"https:\/\/modernafashion.be\/bruidskleding\/fr\/wp-json\/wp\/v2\/pages\/2325\/revisions\/2326"}],"wp:attachment":[{"href":"https:\/\/modernafashion.be\/bruidskleding\/fr\/wp-json\/wp\/v2\/media?parent=2325"}],"curies":[{"name":"wp","href":"https:\/\/api.w.org\/{rel}","templated":true}]}}